{"id":832,"date":"2022-06-30T15:22:43","date_gmt":"2022-06-30T13:22:43","guid":{"rendered":"http:\/\/www.cat37.com\/?page_id=832"},"modified":"2022-07-05T12:25:52","modified_gmt":"2022-07-05T10:25:52","slug":"tutoriels","status":"publish","type":"page","link":"https:\/\/www.cat37.com\/index.php\/tutoriels\/","title":{"rendered":"Tutoriels"},"content":{"rendered":"\n<h2 class=\"wp-block-heading\">Tutoriels Club<\/h2>\n\n\n<ul>\n<li><a href=\"http:\/\/www.cat37.com\/wp-content\/uploads\/2022\/06\/Stage_moulage_CDAM37-2.pdf\" target=\"_blank\" rel=\"noopener\">Stage_moulage_CDAM37<\/a><\/li>\n<\/ul>\n\n\n<p><\/p>\n\n\n\n<h2 class=\"wp-block-heading\">Tutoriels Internet :<\/h2>\n\n\n\n<p><\/p>\n\n\n<ul>\n<li><a href=\"https:\/\/www.youtube.com\/watch?v=l11-Y5RTnUk&amp;t=190s\" target=\"_blank\" rel=\"noopener\">Entoiler une aile \u00e0 l&rsquo;oracover<\/a><\/li>\n<li><a href=\"https:\/\/www.youtube.com\/watch?v=HmquDkgdbDk\" target=\"_blank\" rel=\"noopener\">Entoiler un fuselage \u00e0 l&rsquo;Oracover<\/a><\/li>\n<li><a href=\"https:\/\/www.youtube.com\/watch?v=5H_7gYcdymc\" target=\"_blank\" rel=\"noopener\">R\u00e9aliser une verri\u00e8re en Rhodoid<\/a><\/li>\n<\/ul>","protected":false},"excerpt":{"rendered":"<p>Tutoriels Club Stage_moulage_CDAM37 Tutoriels Internet : Entoiler une aile \u00e0 l&rsquo;oracover Entoiler un fuselage \u00e0 l&rsquo;Oracover R\u00e9aliser une verri\u00e8re en Rhodoid<\/p>\n","protected":false},"author":1,"featured_media":0,"parent":0,"menu_order":0,"comment_status":"closed","ping_status":"closed","template":"","meta":{"site-sidebar-layout":"default","site-content-layout":"default","ast-global-header-display":"","ast-main-header-display":"","ast-hfb-above-header-display":"","ast-hfb-below-header-display":"","ast-hfb-mobile-header-display":"","site-post-title":"","ast-breadcrumbs-content":"","ast-featured-img":"","footer-sml-layout":"","theme-transparent-header-meta":"","adv-header-id-meta":"","stick-header-meta":"","header-above-stick-meta":"","header-main-stick-meta":"","header-below-stick-meta":"","footnotes":""},"class_list":["post-832","page","type-page","status-publish","hentry"],"_links":{"self":[{"href":"https:\/\/www.cat37.com\/index.php\/wp-json\/wp\/v2\/pages\/832","targetHints":{"allow":["GET"]}}],"collection":[{"href":"https:\/\/www.cat37.com\/index.php\/wp-json\/wp\/v2\/pages"}],"about":[{"href":"https:\/\/www.cat37.com\/index.php\/wp-json\/wp\/v2\/types\/page"}],"author":[{"embeddable":true,"href":"https:\/\/www.cat37.com\/index.php\/wp-json\/wp\/v2\/users\/1"}],"replies":[{"embeddable":true,"href":"https:\/\/www.cat37.com\/index.php\/wp-json\/wp\/v2\/comments?post=832"}],"version-history":[{"count":4,"href":"https:\/\/www.cat37.com\/index.php\/wp-json\/wp\/v2\/pages\/832\/revisions"}],"predecessor-version":[{"id":860,"href":"https:\/\/www.cat37.com\/index.php\/wp-json\/wp\/v2\/pages\/832\/revisions\/860"}],"wp:attachment":[{"href":"https:\/\/www.cat37.com\/index.php\/wp-json\/wp\/v2\/media?parent=832"}],"curies":[{"name":"wp","href":"https:\/\/api.w.org\/{rel}","templated":true}]}}