{"id":809,"date":"2022-06-30T15:06:47","date_gmt":"2022-06-30T13:06:47","guid":{"rendered":"http:\/\/www.cat37.com\/?page_id=809"},"modified":"2022-06-30T15:06:47","modified_gmt":"2022-06-30T13:06:47","slug":"realisations-avions","status":"publish","type":"page","link":"https:\/\/www.cat37.com\/index.php\/realisations-avions\/","title":{"rendered":"R\u00e9alisations Avions"},"content":{"rendered":"\n<h2 class=\"wp-block-heading\">Bl\u00e9riot XI<\/h2>\n\n\n\n<p>Une belle r\u00e9alisation de Robert C<\/p>\n\n\n\n<div class=\"wp-block-envira-envira-gallery\"><div id=\"envira-gallery-wrap-812\" class=\"envira-gallery-wrap envira-gallery-theme-base envira-lightbox-theme-base\" itemscope itemtype=\"https:\/\/schema.org\/ImageGallery\"><div data-row-height=\"150\" data-gallery-theme=\"normal\" id=\"envira-gallery-812\" class=\"envira-gallery-public envira-gallery-justified-public envira-gallery-0-columns envira-clear enviratope envira-gallery-css-animations\" data-envira-columns=\"0\"><div id=\"envira-gallery-item-810\" class=\"envira-gallery-item enviratope-item envira-gallery-item-1 envira-lazy-load\" style=\"padding-left: 1px; padding-bottom: 1px; padding-right: 1px;\"  itemscope itemtype=\"https:\/\/schema.org\/ImageObject\"><div class=\"envira-gallery-item-inner\"><div class=\"envira-gallery-position-overlay  envira-gallery-top-left\"><\/div><div class=\"envira-gallery-position-overlay  envira-gallery-top-right\"><\/div><div class=\"envira-gallery-position-overlay  envira-gallery-bottom-left\"><\/div><div class=\"envira-gallery-position-overlay  envira-gallery-bottom-right\"><\/div><a href=\"http:\/\/www.cat37.com\/wp-content\/uploads\/2022\/06\/bleriot-11-robert_1-scaled.jpg\" class=\"envira-gallery-812 envira-gallery-link\" rel=\"enviragallery812\" title=\"bleriot 11 robert_1\" data-envira-caption=\"bleriot 11 robert_1\" data-envira-retina=\"\" data-thumbnail=\"\"  itemprop=\"contentUrl\"><img decoding=\"async\" id=\"envira-gallery-image-810\" class=\"envira-gallery-image envira-gallery-image-1 envira-normal envira-lazy\" data-envira-index=\"1\" src=\"https:\/\/www.cat37.com\/wp-content\/uploads\/2022\/06\/bleriot-11-robert_1-1024x768-640x480.jpg\" data-envira-src=\"https:\/\/www.cat37.com\/wp-content\/uploads\/2022\/06\/bleriot-11-robert_1-1024x768-640x480.jpg\" data-envira-gallery-id=\"812\" data-envira-item-id=\"810\" data-envira-caption=\"bleriot 11 robert_1\" alt=\"\" title=\"bleriot 11 robert_1\"  itemprop=\"thumbnailUrl\" data-envira-srcset=\"https:\/\/www.cat37.com\/wp-content\/uploads\/2022\/06\/bleriot-11-robert_1-1024x768-640x480.jpg 400w,https:\/\/www.cat37.com\/wp-content\/uploads\/2022\/06\/bleriot-11-robert_1-1024x768-640x480.jpg 2x\" data-envira-width=\"300\" data-envira-height=\"225\" srcset=\"data:image\/gif;base64,R0lGODlhAQABAIAAAP\/\/\/\/\/\/\/yH5BAEKAAEALAAAAAABAAEAAAICTAEAOw==\" data-safe-src=\"data:image\/gif;base64,R0lGODlhAQABAIAAAP\/\/\/\/\/\/\/yH5BAEKAAEALAAAAAABAAEAAAICTAEAOw==\" \/><\/a><\/div><\/div><div id=\"envira-gallery-item-811\" class=\"envira-gallery-item enviratope-item envira-gallery-item-2 envira-lazy-load\" style=\"padding-left: 1px; padding-bottom: 1px; padding-right: 1px;\"  itemscope itemtype=\"https:\/\/schema.org\/ImageObject\"><div class=\"envira-gallery-item-inner\"><div class=\"envira-gallery-position-overlay  envira-gallery-top-left\"><\/div><div class=\"envira-gallery-position-overlay  envira-gallery-top-right\"><\/div><div class=\"envira-gallery-position-overlay  envira-gallery-bottom-left\"><\/div><div class=\"envira-gallery-position-overlay  envira-gallery-bottom-right\"><\/div><a href=\"http:\/\/www.cat37.com\/wp-content\/uploads\/2022\/06\/bleriot-11-robert_2-scaled.jpg\" class=\"envira-gallery-812 envira-gallery-link\" rel=\"enviragallery812\" title=\"bleriot 11 robert_2\" data-envira-caption=\"bleriot 11 robert_2\" data-envira-retina=\"\" data-thumbnail=\"\"  itemprop=\"contentUrl\"><img decoding=\"async\" id=\"envira-gallery-image-811\" class=\"envira-gallery-image envira-gallery-image-2 envira-normal envira-lazy\" data-envira-index=\"2\" src=\"https:\/\/www.cat37.com\/wp-content\/uploads\/2022\/06\/bleriot-11-robert_2-1024x768-640x480.jpg\" data-envira-src=\"https:\/\/www.cat37.com\/wp-content\/uploads\/2022\/06\/bleriot-11-robert_2-1024x768-640x480.jpg\" data-envira-gallery-id=\"812\" data-envira-item-id=\"811\" data-envira-caption=\"bleriot 11 robert_2\" alt=\"\" title=\"bleriot 11 robert_2\"  itemprop=\"thumbnailUrl\" data-envira-srcset=\"https:\/\/www.cat37.com\/wp-content\/uploads\/2022\/06\/bleriot-11-robert_2-1024x768-640x480.jpg 400w,https:\/\/www.cat37.com\/wp-content\/uploads\/2022\/06\/bleriot-11-robert_2-1024x768-640x480.jpg 2x\" data-envira-width=\"300\" data-envira-height=\"225\" srcset=\"data:image\/gif;base64,R0lGODlhAQABAIAAAP\/\/\/\/\/\/\/yH5BAEKAAEALAAAAAABAAEAAAICTAEAOw==\" data-safe-src=\"data:image\/gif;base64,R0lGODlhAQABAIAAAP\/\/\/\/\/\/\/yH5BAEKAAEALAAAAAABAAEAAAICTAEAOw==\" \/><\/a><\/div><\/div><\/div><\/div><noscript><img decoding=\"async\" src=\"https:\/\/www.cat37.com\/wp-content\/uploads\/2022\/06\/bleriot-11-robert_1-scaled.jpg\" alt=\"\" \/><img decoding=\"async\" src=\"https:\/\/www.cat37.com\/wp-content\/uploads\/2022\/06\/bleriot-11-robert_2-scaled.jpg\" alt=\"\" \/><\/noscript><\/div>\n\n\n\n<p><\/p>\n\n\n\n<h2 class=\"wp-block-heading\">Antoinette<\/h2>\n\n\n\n<p>Encore un r\u00e9alisation de Robert C<\/p>\n\n\n\n<div class=\"wp-block-envira-envira-gallery\"><div id=\"envira-gallery-wrap-819\" class=\"envira-gallery-wrap envira-gallery-theme-base envira-lightbox-theme-base\" itemscope itemtype=\"https:\/\/schema.org\/ImageGallery\"><div data-row-height=\"150\" data-gallery-theme=\"normal\" id=\"envira-gallery-819\" class=\"envira-gallery-public envira-gallery-justified-public envira-gallery-0-columns envira-clear enviratope envira-gallery-css-animations\" data-envira-columns=\"0\"><div id=\"envira-gallery-item-817\" class=\"envira-gallery-item enviratope-item envira-gallery-item-1 envira-lazy-load\" style=\"padding-left: 1px; padding-bottom: 1px; padding-right: 1px;\"  itemscope itemtype=\"https:\/\/schema.org\/ImageObject\"><div class=\"envira-gallery-item-inner\"><div class=\"envira-gallery-position-overlay  envira-gallery-top-left\"><\/div><div class=\"envira-gallery-position-overlay  envira-gallery-top-right\"><\/div><div class=\"envira-gallery-position-overlay  envira-gallery-bottom-left\"><\/div><div class=\"envira-gallery-position-overlay  envira-gallery-bottom-right\"><\/div><a href=\"http:\/\/www.cat37.com\/wp-content\/uploads\/2022\/06\/avion-antoinette-robert_1-min-scaled.jpg\" class=\"envira-gallery-819 envira-gallery-link\" rel=\"enviragallery819\" title=\"avion antoinette robert_1-min\" data-envira-caption=\"avion antoinette robert_1-min\" data-envira-retina=\"\" data-thumbnail=\"\"  itemprop=\"contentUrl\"><img decoding=\"async\" id=\"envira-gallery-image-817\" class=\"envira-gallery-image envira-gallery-image-1 envira-normal envira-lazy\" data-envira-index=\"1\" src=\"https:\/\/www.cat37.com\/wp-content\/uploads\/2022\/06\/avion-antoinette-robert_1-min-1024x683-640x480.jpg\" data-envira-src=\"https:\/\/www.cat37.com\/wp-content\/uploads\/2022\/06\/avion-antoinette-robert_1-min-1024x683-640x480.jpg\" data-envira-gallery-id=\"819\" data-envira-item-id=\"817\" data-envira-caption=\"avion antoinette robert_1-min\" alt=\"\" title=\"avion antoinette robert_1-min\"  itemprop=\"thumbnailUrl\" data-envira-srcset=\"https:\/\/www.cat37.com\/wp-content\/uploads\/2022\/06\/avion-antoinette-robert_1-min-1024x683-640x480.jpg 400w,https:\/\/www.cat37.com\/wp-content\/uploads\/2022\/06\/avion-antoinette-robert_1-min-1024x683-640x480.jpg 2x\" data-envira-width=\"300\" data-envira-height=\"200\" srcset=\"data:image\/gif;base64,R0lGODlhAQABAIAAAP\/\/\/\/\/\/\/yH5BAEKAAEALAAAAAABAAEAAAICTAEAOw==\" data-safe-src=\"data:image\/gif;base64,R0lGODlhAQABAIAAAP\/\/\/\/\/\/\/yH5BAEKAAEALAAAAAABAAEAAAICTAEAOw==\" \/><\/a><\/div><\/div><div id=\"envira-gallery-item-813\" class=\"envira-gallery-item enviratope-item envira-gallery-item-2 envira-lazy-load\" style=\"padding-left: 1px; padding-bottom: 1px; padding-right: 1px;\"  itemscope itemtype=\"https:\/\/schema.org\/ImageObject\"><div class=\"envira-gallery-item-inner\"><div class=\"envira-gallery-position-overlay  envira-gallery-top-left\"><\/div><div class=\"envira-gallery-position-overlay  envira-gallery-top-right\"><\/div><div class=\"envira-gallery-position-overlay  envira-gallery-bottom-left\"><\/div><div class=\"envira-gallery-position-overlay  envira-gallery-bottom-right\"><\/div><a href=\"http:\/\/www.cat37.com\/wp-content\/uploads\/2022\/06\/avion-antoinette-robert_5-min-scaled.jpg\" class=\"envira-gallery-819 envira-gallery-link\" rel=\"enviragallery819\" title=\"avion antoinette robert_5-min\" data-envira-caption=\"avion antoinette robert_5-min\" data-envira-retina=\"\" data-thumbnail=\"\"  itemprop=\"contentUrl\"><img decoding=\"async\" id=\"envira-gallery-image-813\" class=\"envira-gallery-image envira-gallery-image-2 envira-normal envira-lazy\" data-envira-index=\"2\" src=\"https:\/\/www.cat37.com\/wp-content\/uploads\/2022\/06\/avion-antoinette-robert_5-min-1024x683-640x480.jpg\" data-envira-src=\"https:\/\/www.cat37.com\/wp-content\/uploads\/2022\/06\/avion-antoinette-robert_5-min-1024x683-640x480.jpg\" data-envira-gallery-id=\"819\" data-envira-item-id=\"813\" data-envira-caption=\"avion antoinette robert_5-min\" alt=\"\" title=\"avion antoinette robert_5-min\"  itemprop=\"thumbnailUrl\" data-envira-srcset=\"https:\/\/www.cat37.com\/wp-content\/uploads\/2022\/06\/avion-antoinette-robert_5-min-1024x683-640x480.jpg 400w,https:\/\/www.cat37.com\/wp-content\/uploads\/2022\/06\/avion-antoinette-robert_5-min-1024x683-640x480.jpg 2x\" data-envira-width=\"300\" data-envira-height=\"200\" srcset=\"data:image\/gif;base64,R0lGODlhAQABAIAAAP\/\/\/\/\/\/\/yH5BAEKAAEALAAAAAABAAEAAAICTAEAOw==\" data-safe-src=\"data:image\/gif;base64,R0lGODlhAQABAIAAAP\/\/\/\/\/\/\/yH5BAEKAAEALAAAAAABAAEAAAICTAEAOw==\" \/><\/a><\/div><\/div><div id=\"envira-gallery-item-814\" class=\"envira-gallery-item enviratope-item envira-gallery-item-3 envira-lazy-load\" style=\"padding-left: 1px; padding-bottom: 1px; padding-right: 1px;\"  itemscope itemtype=\"https:\/\/schema.org\/ImageObject\"><div class=\"envira-gallery-item-inner\"><div class=\"envira-gallery-position-overlay  envira-gallery-top-left\"><\/div><div class=\"envira-gallery-position-overlay  envira-gallery-top-right\"><\/div><div class=\"envira-gallery-position-overlay  envira-gallery-bottom-left\"><\/div><div class=\"envira-gallery-position-overlay  envira-gallery-bottom-right\"><\/div><a href=\"http:\/\/www.cat37.com\/wp-content\/uploads\/2022\/06\/avion-antoinette-robert_4-min-scaled.jpg\" class=\"envira-gallery-819 envira-gallery-link\" rel=\"enviragallery819\" title=\"avion antoinette robert_4-min\" data-envira-caption=\"avion antoinette robert_4-min\" data-envira-retina=\"\" data-thumbnail=\"\"  itemprop=\"contentUrl\"><img decoding=\"async\" id=\"envira-gallery-image-814\" class=\"envira-gallery-image envira-gallery-image-3 envira-normal envira-lazy\" data-envira-index=\"3\" src=\"https:\/\/www.cat37.com\/wp-content\/uploads\/2022\/06\/avion-antoinette-robert_4-min-1024x683-640x480.jpg\" data-envira-src=\"https:\/\/www.cat37.com\/wp-content\/uploads\/2022\/06\/avion-antoinette-robert_4-min-1024x683-640x480.jpg\" data-envira-gallery-id=\"819\" data-envira-item-id=\"814\" data-envira-caption=\"avion antoinette robert_4-min\" alt=\"\" title=\"avion antoinette robert_4-min\"  itemprop=\"thumbnailUrl\" data-envira-srcset=\"https:\/\/www.cat37.com\/wp-content\/uploads\/2022\/06\/avion-antoinette-robert_4-min-1024x683-640x480.jpg 400w,https:\/\/www.cat37.com\/wp-content\/uploads\/2022\/06\/avion-antoinette-robert_4-min-1024x683-640x480.jpg 2x\" data-envira-width=\"300\" data-envira-height=\"200\" srcset=\"data:image\/gif;base64,R0lGODlhAQABAIAAAP\/\/\/\/\/\/\/yH5BAEKAAEALAAAAAABAAEAAAICTAEAOw==\" data-safe-src=\"data:image\/gif;base64,R0lGODlhAQABAIAAAP\/\/\/\/\/\/\/yH5BAEKAAEALAAAAAABAAEAAAICTAEAOw==\" \/><\/a><\/div><\/div><div id=\"envira-gallery-item-818\" class=\"envira-gallery-item enviratope-item envira-gallery-item-4 envira-lazy-load\" style=\"padding-left: 1px; padding-bottom: 1px; padding-right: 1px;\"  itemscope itemtype=\"https:\/\/schema.org\/ImageObject\"><div class=\"envira-gallery-item-inner\"><div class=\"envira-gallery-position-overlay  envira-gallery-top-left\"><\/div><div class=\"envira-gallery-position-overlay  envira-gallery-top-right\"><\/div><div class=\"envira-gallery-position-overlay  envira-gallery-bottom-left\"><\/div><div class=\"envira-gallery-position-overlay  envira-gallery-bottom-right\"><\/div><a href=\"http:\/\/www.cat37.com\/wp-content\/uploads\/2022\/06\/avion-antoinette-robert_6-min-scaled.jpg\" class=\"envira-gallery-819 envira-gallery-link\" rel=\"enviragallery819\" title=\"avion antoinette robert_6-min\" data-envira-caption=\"avion antoinette robert_6-min\" data-envira-retina=\"\" data-thumbnail=\"\"  itemprop=\"contentUrl\"><img decoding=\"async\" id=\"envira-gallery-image-818\" class=\"envira-gallery-image envira-gallery-image-4 envira-normal envira-lazy\" data-envira-index=\"4\" src=\"https:\/\/www.cat37.com\/wp-content\/uploads\/2022\/06\/avion-antoinette-robert_6-min-1024x683-640x480.jpg\" data-envira-src=\"https:\/\/www.cat37.com\/wp-content\/uploads\/2022\/06\/avion-antoinette-robert_6-min-1024x683-640x480.jpg\" data-envira-gallery-id=\"819\" data-envira-item-id=\"818\" data-envira-caption=\"avion antoinette robert_6-min\" alt=\"\" title=\"avion antoinette robert_6-min\"  itemprop=\"thumbnailUrl\" data-envira-srcset=\"https:\/\/www.cat37.com\/wp-content\/uploads\/2022\/06\/avion-antoinette-robert_6-min-1024x683-640x480.jpg 400w,https:\/\/www.cat37.com\/wp-content\/uploads\/2022\/06\/avion-antoinette-robert_6-min-1024x683-640x480.jpg 2x\" data-envira-width=\"300\" data-envira-height=\"200\" srcset=\"data:image\/gif;base64,R0lGODlhAQABAIAAAP\/\/\/\/\/\/\/yH5BAEKAAEALAAAAAABAAEAAAICTAEAOw==\" data-safe-src=\"data:image\/gif;base64,R0lGODlhAQABAIAAAP\/\/\/\/\/\/\/yH5BAEKAAEALAAAAAABAAEAAAICTAEAOw==\" \/><\/a><\/div><\/div><div id=\"envira-gallery-item-815\" class=\"envira-gallery-item enviratope-item envira-gallery-item-5 envira-lazy-load\" style=\"padding-left: 1px; padding-bottom: 1px; padding-right: 1px;\"  itemscope itemtype=\"https:\/\/schema.org\/ImageObject\"><div class=\"envira-gallery-item-inner\"><div class=\"envira-gallery-position-overlay  envira-gallery-top-left\"><\/div><div class=\"envira-gallery-position-overlay  envira-gallery-top-right\"><\/div><div class=\"envira-gallery-position-overlay  envira-gallery-bottom-left\"><\/div><div class=\"envira-gallery-position-overlay  envira-gallery-bottom-right\"><\/div><a href=\"http:\/\/www.cat37.com\/wp-content\/uploads\/2022\/06\/avion-antoinette-robert_3-min-scaled.jpg\" class=\"envira-gallery-819 envira-gallery-link\" rel=\"enviragallery819\" title=\"avion antoinette robert_3-min\" data-envira-caption=\"avion antoinette robert_3-min\" data-envira-retina=\"\" data-thumbnail=\"\"  itemprop=\"contentUrl\"><img decoding=\"async\" id=\"envira-gallery-image-815\" class=\"envira-gallery-image envira-gallery-image-5 envira-normal envira-lazy\" data-envira-index=\"5\" src=\"https:\/\/www.cat37.com\/wp-content\/uploads\/2022\/06\/avion-antoinette-robert_3-min-1024x683-640x480.jpg\" data-envira-src=\"https:\/\/www.cat37.com\/wp-content\/uploads\/2022\/06\/avion-antoinette-robert_3-min-1024x683-640x480.jpg\" data-envira-gallery-id=\"819\" data-envira-item-id=\"815\" data-envira-caption=\"avion antoinette robert_3-min\" alt=\"\" title=\"avion antoinette robert_3-min\"  itemprop=\"thumbnailUrl\" data-envira-srcset=\"https:\/\/www.cat37.com\/wp-content\/uploads\/2022\/06\/avion-antoinette-robert_3-min-1024x683-640x480.jpg 400w,https:\/\/www.cat37.com\/wp-content\/uploads\/2022\/06\/avion-antoinette-robert_3-min-1024x683-640x480.jpg 2x\" data-envira-width=\"300\" data-envira-height=\"200\" srcset=\"data:image\/gif;base64,R0lGODlhAQABAIAAAP\/\/\/\/\/\/\/yH5BAEKAAEALAAAAAABAAEAAAICTAEAOw==\" data-safe-src=\"data:image\/gif;base64,R0lGODlhAQABAIAAAP\/\/\/\/\/\/\/yH5BAEKAAEALAAAAAABAAEAAAICTAEAOw==\" \/><\/a><\/div><\/div><div id=\"envira-gallery-item-816\" class=\"envira-gallery-item enviratope-item envira-gallery-item-6 envira-lazy-load\" style=\"padding-left: 1px; padding-bottom: 1px; padding-right: 1px;\"  itemscope itemtype=\"https:\/\/schema.org\/ImageObject\"><div class=\"envira-gallery-item-inner\"><div class=\"envira-gallery-position-overlay  envira-gallery-top-left\"><\/div><div class=\"envira-gallery-position-overlay  envira-gallery-top-right\"><\/div><div class=\"envira-gallery-position-overlay  envira-gallery-bottom-left\"><\/div><div class=\"envira-gallery-position-overlay  envira-gallery-bottom-right\"><\/div><a href=\"http:\/\/www.cat37.com\/wp-content\/uploads\/2022\/06\/avion-antoinette-robert_2-min-scaled.jpg\" class=\"envira-gallery-819 envira-gallery-link\" rel=\"enviragallery819\" title=\"avion antoinette robert_2-min\" data-envira-caption=\"avion antoinette robert_2-min\" data-envira-retina=\"\" data-thumbnail=\"\"  itemprop=\"contentUrl\"><img decoding=\"async\" id=\"envira-gallery-image-816\" class=\"envira-gallery-image envira-gallery-image-6 envira-normal envira-lazy\" data-envira-index=\"6\" src=\"https:\/\/www.cat37.com\/wp-content\/uploads\/2022\/06\/avion-antoinette-robert_2-min-1024x683-640x480.jpg\" data-envira-src=\"https:\/\/www.cat37.com\/wp-content\/uploads\/2022\/06\/avion-antoinette-robert_2-min-1024x683-640x480.jpg\" data-envira-gallery-id=\"819\" data-envira-item-id=\"816\" data-envira-caption=\"avion antoinette robert_2-min\" alt=\"\" title=\"avion antoinette robert_2-min\"  itemprop=\"thumbnailUrl\" data-envira-srcset=\"https:\/\/www.cat37.com\/wp-content\/uploads\/2022\/06\/avion-antoinette-robert_2-min-1024x683-640x480.jpg 400w,https:\/\/www.cat37.com\/wp-content\/uploads\/2022\/06\/avion-antoinette-robert_2-min-1024x683-640x480.jpg 2x\" data-envira-width=\"300\" data-envira-height=\"200\" srcset=\"data:image\/gif;base64,R0lGODlhAQABAIAAAP\/\/\/\/\/\/\/yH5BAEKAAEALAAAAAABAAEAAAICTAEAOw==\" data-safe-src=\"data:image\/gif;base64,R0lGODlhAQABAIAAAP\/\/\/\/\/\/\/yH5BAEKAAEALAAAAAABAAEAAAICTAEAOw==\" \/><\/a><\/div><\/div><\/div><\/div><noscript><img decoding=\"async\" src=\"https:\/\/www.cat37.com\/wp-content\/uploads\/2022\/06\/avion-antoinette-robert_1-min-scaled.jpg\" alt=\"\" \/><img decoding=\"async\" src=\"https:\/\/www.cat37.com\/wp-content\/uploads\/2022\/06\/avion-antoinette-robert_5-min-scaled.jpg\" alt=\"\" \/><img decoding=\"async\" src=\"https:\/\/www.cat37.com\/wp-content\/uploads\/2022\/06\/avion-antoinette-robert_4-min-scaled.jpg\" alt=\"\" \/><img decoding=\"async\" src=\"https:\/\/www.cat37.com\/wp-content\/uploads\/2022\/06\/avion-antoinette-robert_6-min-scaled.jpg\" alt=\"\" \/><img decoding=\"async\" src=\"https:\/\/www.cat37.com\/wp-content\/uploads\/2022\/06\/avion-antoinette-robert_3-min-scaled.jpg\" alt=\"\" \/><img decoding=\"async\" src=\"https:\/\/www.cat37.com\/wp-content\/uploads\/2022\/06\/avion-antoinette-robert_2-min-scaled.jpg\" alt=\"\" \/><\/noscript><\/div>\n","protected":false},"excerpt":{"rendered":"<p>Bl\u00e9riot XI Une belle r\u00e9alisation de Robert C Antoinette Encore un r\u00e9alisation de Robert C<\/p>\n","protected":false},"author":1,"featured_media":0,"parent":0,"menu_order":0,"comment_status":"closed","ping_status":"closed","template":"","meta":{"site-sidebar-layout":"default","site-content-layout":"default","ast-global-header-display":"","ast-main-header-display":"","ast-hfb-above-header-display":"","ast-hfb-below-header-display":"","ast-hfb-mobile-header-display":"","site-post-title":"","ast-breadcrumbs-content":"","ast-featured-img":"","footer-sml-layout":"","theme-transparent-header-meta":"","adv-header-id-meta":"","stick-header-meta":"","header-above-stick-meta":"","header-main-stick-meta":"","header-below-stick-meta":"","footnotes":""},"class_list":["post-809","page","type-page","status-publish","hentry"],"_links":{"self":[{"href":"https:\/\/www.cat37.com\/index.php\/wp-json\/wp\/v2\/pages\/809","targetHints":{"allow":["GET"]}}],"collection":[{"href":"https:\/\/www.cat37.com\/index.php\/wp-json\/wp\/v2\/pages"}],"about":[{"href":"https:\/\/www.cat37.com\/index.php\/wp-json\/wp\/v2\/types\/page"}],"author":[{"embeddable":true,"href":"https:\/\/www.cat37.com\/index.php\/wp-json\/wp\/v2\/users\/1"}],"replies":[{"embeddable":true,"href":"https:\/\/www.cat37.com\/index.php\/wp-json\/wp\/v2\/comments?post=809"}],"version-history":[{"count":1,"href":"https:\/\/www.cat37.com\/index.php\/wp-json\/wp\/v2\/pages\/809\/revisions"}],"predecessor-version":[{"id":820,"href":"https:\/\/www.cat37.com\/index.php\/wp-json\/wp\/v2\/pages\/809\/revisions\/820"}],"wp:attachment":[{"href":"https:\/\/www.cat37.com\/index.php\/wp-json\/wp\/v2\/media?parent=809"}],"curies":[{"name":"wp","href":"https:\/\/api.w.org\/{rel}","templated":true}]}}