{"id":72,"date":"2022-06-23T17:53:36","date_gmt":"2022-06-23T15:53:36","guid":{"rendered":"http:\/\/www.cat37.com\/?page_id=72"},"modified":"2022-07-05T11:33:56","modified_gmt":"2022-07-05T09:33:56","slug":"activites-du-club","status":"publish","type":"page","link":"https:\/\/www.cat37.com\/index.php\/activites-du-club\/","title":{"rendered":"Activit\u00e9s du club"},"content":{"rendered":"\n<div class=\"wp-block-media-text alignwide has-media-on-the-right is-stacked-on-mobile\"><figure class=\"wp-block-media-text__media\"><img loading=\"lazy\" decoding=\"async\" width=\"1024\" height=\"576\" src=\"http:\/\/www.cat37.com\/wp-content\/uploads\/2022\/06\/IMG-20201128-WA0005-1024x576.jpg\" alt=\"\" class=\"wp-image-73 size-full\" srcset=\"https:\/\/www.cat37.com\/wp-content\/uploads\/2022\/06\/IMG-20201128-WA0005-1024x576.jpg 1024w, https:\/\/www.cat37.com\/wp-content\/uploads\/2022\/06\/IMG-20201128-WA0005-300x169.jpg 300w, https:\/\/www.cat37.com\/wp-content\/uploads\/2022\/06\/IMG-20201128-WA0005-768x432.jpg 768w, https:\/\/www.cat37.com\/wp-content\/uploads\/2022\/06\/IMG-20201128-WA0005-1536x864.jpg 1536w, https:\/\/www.cat37.com\/wp-content\/uploads\/2022\/06\/IMG-20201128-WA0005.jpg 1599w\" sizes=\"auto, (max-width: 1024px) 100vw, 1024px\" \/><\/figure><div class=\"wp-block-media-text__content\">\n<p class=\"has-large-font-size\">Vol ext\u00e9rieur<\/p>\n\n\n\n<p>Sur notre terrain, il est possible de faire \u00e9voluer des planeurs (libres, motoris\u00e9s, lanc\u00e9s \u00e0 l&rsquo;aide du sandow du club), des avions (\u00e9lectriques, thermiques, de d\u00e9but, de voltige, de vitesse), des h\u00e9licopt\u00e8res (thermiques ou \u00e9lectriques) des drones, des paramoteurs.<\/p>\n<\/div><\/div>\n\n\n\n<div class=\"wp-block-media-text alignwide is-stacked-on-mobile\"><figure class=\"wp-block-media-text__media\"><img loading=\"lazy\" decoding=\"async\" width=\"1024\" height=\"768\" src=\"http:\/\/www.cat37.com\/wp-content\/uploads\/2022\/06\/escadrille-clickR2-indoor-descartes-min-1024x768.jpg\" alt=\"\" class=\"wp-image-74 size-full\" srcset=\"https:\/\/www.cat37.com\/wp-content\/uploads\/2022\/06\/escadrille-clickR2-indoor-descartes-min-1024x768.jpg 1024w, https:\/\/www.cat37.com\/wp-content\/uploads\/2022\/06\/escadrille-clickR2-indoor-descartes-min-300x225.jpg 300w, https:\/\/www.cat37.com\/wp-content\/uploads\/2022\/06\/escadrille-clickR2-indoor-descartes-min-768x576.jpg 768w, https:\/\/www.cat37.com\/wp-content\/uploads\/2022\/06\/escadrille-clickR2-indoor-descartes-min-1536x1152.jpg 1536w, https:\/\/www.cat37.com\/wp-content\/uploads\/2022\/06\/escadrille-clickR2-indoor-descartes-min-2048x1536.jpg 2048w\" sizes=\"auto, (max-width: 1024px) 100vw, 1024px\" \/><\/figure><div class=\"wp-block-media-text__content\">\n<p class=\"has-large-font-size\">Vol int\u00e9rieur<\/p>\n\n\n\n<p>En indoor, Le club fait voler des mod\u00e8les de petites tailles; avions, h\u00e9licopt\u00e8res ou drones<br>On dispose \u00e9galement d&rsquo;a\u00e9roglisseurs (type Chti cat) pour faire des courses endiabl\u00e9es<\/p>\n<\/div><\/div>\n\n\n\n<div class=\"wp-block-media-text alignwide has-media-on-the-right is-stacked-on-mobile\"><figure class=\"wp-block-media-text__media\"><img loading=\"lazy\" decoding=\"async\" width=\"956\" height=\"717\" src=\"http:\/\/www.cat37.com\/wp-content\/uploads\/2022\/06\/local.jpg\" alt=\"\" class=\"wp-image-77 size-full\" srcset=\"https:\/\/www.cat37.com\/wp-content\/uploads\/2022\/06\/local.jpg 956w, https:\/\/www.cat37.com\/wp-content\/uploads\/2022\/06\/local-300x225.jpg 300w, https:\/\/www.cat37.com\/wp-content\/uploads\/2022\/06\/local-768x576.jpg 768w\" sizes=\"auto, (max-width: 956px) 100vw, 956px\" \/><\/figure><div class=\"wp-block-media-text__content\">\n<p class=\"has-large-font-size\">Construction, r\u00e9paration au local<\/p>\n\n\n\n<p>Notre local dispose de tout l&rsquo;outillage et \u00e9quipements n\u00e9cessaires pour construire les mod\u00e8les, les r\u00e9gler et les r\u00e9parer. Les jeunes et nouveaux membres sont encadr\u00e9s lors de la construction de leurs mod\u00e8les et pour apprendre \u00e0 piloter en simulation. Le local sert \u00e9galement \u00e0 se r\u00e9unir.<\/p>\n<\/div><\/div>\n\n\n\n<div class=\"wp-block-media-text alignwide is-stacked-on-mobile\"><figure class=\"wp-block-media-text__media\"><img loading=\"lazy\" decoding=\"async\" width=\"1024\" height=\"576\" src=\"http:\/\/www.cat37.com\/wp-content\/uploads\/2022\/06\/IMG-20200520-WA0004-1024x576.jpg\" alt=\"\" class=\"wp-image-78 size-full\" srcset=\"https:\/\/www.cat37.com\/wp-content\/uploads\/2022\/06\/IMG-20200520-WA0004-1024x576.jpg 1024w, https:\/\/www.cat37.com\/wp-content\/uploads\/2022\/06\/IMG-20200520-WA0004-300x169.jpg 300w, https:\/\/www.cat37.com\/wp-content\/uploads\/2022\/06\/IMG-20200520-WA0004-768x432.jpg 768w, https:\/\/www.cat37.com\/wp-content\/uploads\/2022\/06\/IMG-20200520-WA0004-1536x864.jpg 1536w, https:\/\/www.cat37.com\/wp-content\/uploads\/2022\/06\/IMG-20200520-WA0004.jpg 1599w\" sizes=\"auto, (max-width: 1024px) 100vw, 1024px\" \/><\/figure><div class=\"wp-block-media-text__content\">\n<p class=\"has-large-font-size\">Ecolage<\/p>\n\n\n\n<p>L&rsquo;\u00e9colage s&rsquo;effectue \u00e0 l&rsquo;aide des mod\u00e8les du club en double commande: l&rsquo;\u00e9metteur de l&rsquo;\u00e9l\u00e8ve est reli\u00e9 \u00e0 celui du moniteur, qui reprend la main imm\u00e9diatement en cas de difficult\u00e9 de l&rsquo;\u00e9l\u00e8ve.<\/p>\n<\/div><\/div>\n\n\n\n<div class=\"wp-block-media-text alignwide has-media-on-the-right is-stacked-on-mobile\"><figure class=\"wp-block-media-text__media\"><img loading=\"lazy\" decoding=\"async\" width=\"1024\" height=\"571\" src=\"http:\/\/www.cat37.com\/wp-content\/uploads\/2022\/06\/simulation-1024x571.jpg\" alt=\"\" class=\"wp-image-80 size-full\" srcset=\"https:\/\/www.cat37.com\/wp-content\/uploads\/2022\/06\/simulation-1024x571.jpg 1024w, https:\/\/www.cat37.com\/wp-content\/uploads\/2022\/06\/simulation-300x167.jpg 300w, https:\/\/www.cat37.com\/wp-content\/uploads\/2022\/06\/simulation-768x428.jpg 768w, https:\/\/www.cat37.com\/wp-content\/uploads\/2022\/06\/simulation.jpg 1260w\" sizes=\"auto, (max-width: 1024px) 100vw, 1024px\" \/><\/figure><div class=\"wp-block-media-text__content\">\n<p class=\"has-large-font-size\">Simulation<\/p>\n\n\n\n<p>Nous disposons de simulateurs de pilotage RC dans notre local de construction : id\u00e9al pour acqu\u00e9rir les bons r\u00e9flexes ou pour affiner les figures de voltige<\/p>\n<\/div><\/div>\n\n\n\n<div class=\"wp-block-media-text alignwide is-stacked-on-mobile\"><figure class=\"wp-block-media-text__media\"><img loading=\"lazy\" decoding=\"async\" width=\"1024\" height=\"575\" src=\"http:\/\/www.cat37.com\/wp-content\/uploads\/2022\/06\/comice-2018_3-1024x575.jpg\" alt=\"\" class=\"wp-image-79 size-full\" srcset=\"https:\/\/www.cat37.com\/wp-content\/uploads\/2022\/06\/comice-2018_3-1024x575.jpg 1024w, https:\/\/www.cat37.com\/wp-content\/uploads\/2022\/06\/comice-2018_3-300x168.jpg 300w, https:\/\/www.cat37.com\/wp-content\/uploads\/2022\/06\/comice-2018_3-768x431.jpg 768w, https:\/\/www.cat37.com\/wp-content\/uploads\/2022\/06\/comice-2018_3-1536x863.jpg 1536w, https:\/\/www.cat37.com\/wp-content\/uploads\/2022\/06\/comice-2018_3-2048x1150.jpg 2048w\" sizes=\"auto, (max-width: 1024px) 100vw, 1024px\" \/><\/figure><div class=\"wp-block-media-text__content\">\n<p class=\"has-large-font-size\">Manifestations locales<\/p>\n\n\n\n<p>Nous participons aux manifestations locales : portes ouvertes, t\u00e9l\u00e9thon, d\u00e9monstrations publiques\u2026<\/p>\n<\/div><\/div>\n\n\n\n<div class=\"wp-block-media-text alignwide has-media-on-the-right is-stacked-on-mobile\"><figure class=\"wp-block-media-text__media\"><img loading=\"lazy\" decoding=\"async\" width=\"1024\" height=\"768\" src=\"http:\/\/www.cat37.com\/wp-content\/uploads\/2022\/06\/100_3607-1024x768.jpg\" alt=\"\" class=\"wp-image-82 size-full\" srcset=\"https:\/\/www.cat37.com\/wp-content\/uploads\/2022\/06\/100_3607-1024x768.jpg 1024w, https:\/\/www.cat37.com\/wp-content\/uploads\/2022\/06\/100_3607-300x225.jpg 300w, https:\/\/www.cat37.com\/wp-content\/uploads\/2022\/06\/100_3607-768x576.jpg 768w, https:\/\/www.cat37.com\/wp-content\/uploads\/2022\/06\/100_3607-1536x1152.jpg 1536w, https:\/\/www.cat37.com\/wp-content\/uploads\/2022\/06\/100_3607-2048x1536.jpg 2048w\" sizes=\"auto, (max-width: 1024px) 100vw, 1024px\" \/><\/figure><div class=\"wp-block-media-text__content\">\n<p class=\"has-large-font-size\">Comp\u00e9tition<\/p>\n\n\n\n<p>Chaque ann\u00e9e le CAT organise des concours et participe \u00e0 des concours r\u00e9gionaux\/nationaux, cat\u00e9gories motoplaneurs (F5J, ELectro7) et planeurs (FF2000). Des comp\u00e9titeurs se d\u00e9placent \u00e9galement \u00e0 l&rsquo;\u00e9tranger pour des championnats de vol libre d&rsquo;ext\u00e9rieur et d&rsquo;int\u00e9rieur. La comp\u00e9tition et les podiums valorisent le club et leur permet de progresser dans tous les domaines.<\/p>\n<\/div><\/div>\n\n\n\n<div class=\"wp-block-media-text alignwide is-stacked-on-mobile\"><figure class=\"wp-block-media-text__media\"><img loading=\"lazy\" decoding=\"async\" width=\"1024\" height=\"680\" src=\"http:\/\/www.cat37.com\/wp-content\/uploads\/2022\/06\/vol-libre-ext_SITE-1024x680.jpg\" alt=\"\" class=\"wp-image-83 size-full\" srcset=\"https:\/\/www.cat37.com\/wp-content\/uploads\/2022\/06\/vol-libre-ext_SITE-1024x680.jpg 1024w, https:\/\/www.cat37.com\/wp-content\/uploads\/2022\/06\/vol-libre-ext_SITE-300x199.jpg 300w, https:\/\/www.cat37.com\/wp-content\/uploads\/2022\/06\/vol-libre-ext_SITE-768x510.jpg 768w, https:\/\/www.cat37.com\/wp-content\/uploads\/2022\/06\/vol-libre-ext_SITE-1536x1020.jpg 1536w, https:\/\/www.cat37.com\/wp-content\/uploads\/2022\/06\/vol-libre-ext_SITE-2048x1360.jpg 2048w\" sizes=\"auto, (max-width: 1024px) 100vw, 1024px\" \/><\/figure><div class=\"wp-block-media-text__content\">\n<p class=\"has-large-font-size\">Vol libre d&rsquo;ext\u00e9rieur<\/p>\n\n\n\n<p>Les pratiquants du vol libre d&rsquo;ext\u00e9rieur (F1E) excellent aux concours locaux, nationaux et internationaux, avec de nombreux podiums et plusieurs titres de champions nationaux ou champions de France.<\/p>\n<\/div><\/div>\n\n\n\n<div class=\"wp-block-media-text alignwide has-media-on-the-right is-stacked-on-mobile\"><figure class=\"wp-block-media-text__media\"><img loading=\"lazy\" decoding=\"async\" width=\"1024\" height=\"683\" src=\"http:\/\/www.cat37.com\/wp-content\/uploads\/2022\/06\/IMG_2477_SITE-1024x683.jpg\" alt=\"\" class=\"wp-image-84 size-full\" srcset=\"https:\/\/www.cat37.com\/wp-content\/uploads\/2022\/06\/IMG_2477_SITE-1024x683.jpg 1024w, https:\/\/www.cat37.com\/wp-content\/uploads\/2022\/06\/IMG_2477_SITE-300x200.jpg 300w, https:\/\/www.cat37.com\/wp-content\/uploads\/2022\/06\/IMG_2477_SITE-768x512.jpg 768w, https:\/\/www.cat37.com\/wp-content\/uploads\/2022\/06\/IMG_2477_SITE-1536x1024.jpg 1536w, https:\/\/www.cat37.com\/wp-content\/uploads\/2022\/06\/IMG_2477_SITE-2048x1365.jpg 2048w\" sizes=\"auto, (max-width: 1024px) 100vw, 1024px\" \/><\/figure><div class=\"wp-block-media-text__content\">\n<p class=\"has-large-font-size\">Vol libre d&rsquo;int\u00e9rieur<\/p>\n\n\n\n<p>Les pratiquants du vol libre int\u00e9rieur (F1D, F1M, F1L, Micro 35) excellent aux concours nationaux et internationaux, avec de nombreux podiums et plusieurs titres de champions nationaux ou champions de France.<\/p>\n<\/div><\/div>\n\n\n\n<div class=\"wp-block-media-text alignwide is-stacked-on-mobile\"><figure class=\"wp-block-media-text__media\"><img loading=\"lazy\" decoding=\"async\" width=\"1024\" height=\"768\" src=\"http:\/\/www.cat37.com\/wp-content\/uploads\/2022\/06\/sortie-banne-dordanche_SITE-1024x768.jpg\" alt=\"\" class=\"wp-image-85 size-full\" srcset=\"https:\/\/www.cat37.com\/wp-content\/uploads\/2022\/06\/sortie-banne-dordanche_SITE-1024x768.jpg 1024w, https:\/\/www.cat37.com\/wp-content\/uploads\/2022\/06\/sortie-banne-dordanche_SITE-300x225.jpg 300w, https:\/\/www.cat37.com\/wp-content\/uploads\/2022\/06\/sortie-banne-dordanche_SITE-768x576.jpg 768w, https:\/\/www.cat37.com\/wp-content\/uploads\/2022\/06\/sortie-banne-dordanche_SITE-1536x1152.jpg 1536w, https:\/\/www.cat37.com\/wp-content\/uploads\/2022\/06\/sortie-banne-dordanche_SITE-2048x1536.jpg 2048w\" sizes=\"auto, (max-width: 1024px) 100vw, 1024px\" \/><\/figure><div class=\"wp-block-media-text__content\">\n<p class=\"has-large-font-size\">Sorties VDP<\/p>\n\n\n\n<p>Chaque \u00e9t\u00e9 les membres v\u00e9livoles du club organisent une sortie de vol de pente \u00e0 la montagne (notamment \u00e0 la Banne d&rsquo;Ordanche et au Menez-Hom)<\/p>\n<\/div><\/div>\n","protected":false},"excerpt":{"rendered":"<p>Vol ext\u00e9rieur Sur notre terrain, il est possible de faire \u00e9voluer des planeurs (libres, motoris\u00e9s, lanc\u00e9s \u00e0 l&rsquo;aide du sandow du club), des avions (\u00e9lectriques, thermiques, de d\u00e9but, de voltige, de vitesse), des h\u00e9licopt\u00e8res (thermiques ou \u00e9lectriques) des drones, des paramoteurs. Vol int\u00e9rieur En indoor, Le club fait voler des mod\u00e8les de petites tailles; avions, &hellip;<\/p>\n<p class=\"read-more\"> <a class=\"\" href=\"https:\/\/www.cat37.com\/index.php\/activites-du-club\/\"> <span class=\"screen-reader-text\">Activit\u00e9s du club<\/span> Lire la suite\u00a0\u00bb<\/a><\/p>\n","protected":false},"author":1,"featured_media":0,"parent":0,"menu_order":0,"comment_status":"closed","ping_status":"closed","template":"","meta":{"site-sidebar-layout":"default","site-content-layout":"default","ast-global-header-display":"","ast-main-header-display":"","ast-hfb-above-header-display":"","ast-hfb-below-header-display":"","ast-hfb-mobile-header-display":"","site-post-title":"","ast-breadcrumbs-content":"","ast-featured-img":"","footer-sml-layout":"","theme-transparent-header-meta":"","adv-header-id-meta":"","stick-header-meta":"","header-above-stick-meta":"","header-main-stick-meta":"","header-below-stick-meta":"","footnotes":""},"class_list":["post-72","page","type-page","status-publish","hentry"],"_links":{"self":[{"href":"https:\/\/www.cat37.com\/index.php\/wp-json\/wp\/v2\/pages\/72","targetHints":{"allow":["GET"]}}],"collection":[{"href":"https:\/\/www.cat37.com\/index.php\/wp-json\/wp\/v2\/pages"}],"about":[{"href":"https:\/\/www.cat37.com\/index.php\/wp-json\/wp\/v2\/types\/page"}],"author":[{"embeddable":true,"href":"https:\/\/www.cat37.com\/index.php\/wp-json\/wp\/v2\/users\/1"}],"replies":[{"embeddable":true,"href":"https:\/\/www.cat37.com\/index.php\/wp-json\/wp\/v2\/comments?post=72"}],"version-history":[{"count":7,"href":"https:\/\/www.cat37.com\/index.php\/wp-json\/wp\/v2\/pages\/72\/revisions"}],"predecessor-version":[{"id":847,"href":"https:\/\/www.cat37.com\/index.php\/wp-json\/wp\/v2\/pages\/72\/revisions\/847"}],"wp:attachment":[{"href":"https:\/\/www.cat37.com\/index.php\/wp-json\/wp\/v2\/media?parent=72"}],"curies":[{"name":"wp","href":"https:\/\/api.w.org\/{rel}","templated":true}]}}