{"id":350,"date":"2022-06-28T17:11:25","date_gmt":"2022-06-28T15:11:25","guid":{"rendered":"http:\/\/www.cat37.com\/?page_id=350"},"modified":"2022-10-11T11:14:10","modified_gmt":"2022-10-11T09:14:10","slug":"liens-cools","status":"publish","type":"page","link":"https:\/\/www.cat37.com\/index.php\/liens-cools\/","title":{"rendered":"Liens cools"},"content":{"rendered":"\n<p><strong>Technique<br><\/strong>&#8211;&nbsp;<a rel=\"noreferrer noopener\" href=\"http:\/\/www.miniplane.com\/corrispondenze.htm\" target=\"_blank\">traduction des&nbsp;Termes techniques<\/a><br>&#8211;&nbsp;<a rel=\"noreferrer noopener\" href=\"http:\/\/aerodynamique.chez.com\/index.html\" target=\"_blank\">le petit a\u00e9rodynamicien en herbe<\/a><br>&#8211;&nbsp;<a rel=\"noreferrer noopener\" href=\"https:\/\/www.youtube.com\/watch?v=ibrWq9JTbW8\" target=\"_blank\">tutorial Predim RC#1<\/a>,&nbsp;<a rel=\"noreferrer noopener\" href=\"https:\/\/www.youtube.com\/watch?v=rC22YMxy2z4\" target=\"_blank\">#2<\/a>,&nbsp;<a rel=\"noreferrer noopener\" href=\"https:\/\/www.youtube.com\/watch?v=NHtNZm-RI0g\" target=\"_blank\">#3<\/a>&nbsp;(dimensionnement a\u00e9rodynamique)<\/p>\n\n\n\n<p><strong>Magasins<br><\/strong>&#8211; <a rel=\"noreferrer noopener\" href=\"http:\/\/www.rc2000.fr\/\" target=\"_blank\">Radiocommande 2000<\/a>, \u00e0 Tours<br>&#8211;\u00a0<a rel=\"noreferrer noopener\" href=\"https:\/\/www.flashrc.com\/\" target=\"_blank\">FlashRC<\/a><br>&#8211;\u00a0<a rel=\"noreferrer noopener\" href=\"https:\/\/www.intermodel.fr\/\" target=\"_blank\">Intermodel<\/a><br>&#8211;\u00a0<a rel=\"noreferrer noopener\" href=\"https:\/\/www.lindinger.at\/fr\/\" target=\"_blank\">Lindinger<\/a><br>&#8211;\u00a0Topmodel (n&rsquo;existe plus, a \u00e9t\u00e9 repris par FlashRC)<br>&#8211;\u00a0<a rel=\"noreferrer noopener\" href=\"https:\/\/www.weymuller.fr\/\" target=\"_blank\">Weymuller<\/a><\/p>\n\n\n\n<p><\/p>\n\n\n\n<p><\/p>\n\n\n\n<p><\/p>\n","protected":false},"excerpt":{"rendered":"<p>Technique&#8211;&nbsp;traduction des&nbsp;Termes techniques&#8211;&nbsp;le petit a\u00e9rodynamicien en herbe&#8211;&nbsp;tutorial Predim RC#1,&nbsp;#2,&nbsp;#3&nbsp;(dimensionnement a\u00e9rodynamique) Magasins&#8211; Radiocommande 2000, \u00e0 Tours&#8211;\u00a0FlashRC&#8211;\u00a0Intermodel&#8211;\u00a0Lindinger&#8211;\u00a0Topmodel (n&rsquo;existe plus, a \u00e9t\u00e9 repris par FlashRC)&#8211;\u00a0Weymuller<\/p>\n","protected":false},"author":1,"featured_media":0,"parent":0,"menu_order":0,"comment_status":"closed","ping_status":"closed","template":"","meta":{"site-sidebar-layout":"default","site-content-layout":"default","ast-global-header-display":"","ast-main-header-display":"","ast-hfb-above-header-display":"","ast-hfb-below-header-display":"","ast-hfb-mobile-header-display":"","site-post-title":"","ast-breadcrumbs-content":"","ast-featured-img":"","footer-sml-layout":"","theme-transparent-header-meta":"","adv-header-id-meta":"","stick-header-meta":"","header-above-stick-meta":"","header-main-stick-meta":"","header-below-stick-meta":"","footnotes":""},"class_list":["post-350","page","type-page","status-publish","hentry"],"_links":{"self":[{"href":"https:\/\/www.cat37.com\/index.php\/wp-json\/wp\/v2\/pages\/350","targetHints":{"allow":["GET"]}}],"collection":[{"href":"https:\/\/www.cat37.com\/index.php\/wp-json\/wp\/v2\/pages"}],"about":[{"href":"https:\/\/www.cat37.com\/index.php\/wp-json\/wp\/v2\/types\/page"}],"author":[{"embeddable":true,"href":"https:\/\/www.cat37.com\/index.php\/wp-json\/wp\/v2\/users\/1"}],"replies":[{"embeddable":true,"href":"https:\/\/www.cat37.com\/index.php\/wp-json\/wp\/v2\/comments?post=350"}],"version-history":[{"count":4,"href":"https:\/\/www.cat37.com\/index.php\/wp-json\/wp\/v2\/pages\/350\/revisions"}],"predecessor-version":[{"id":930,"href":"https:\/\/www.cat37.com\/index.php\/wp-json\/wp\/v2\/pages\/350\/revisions\/930"}],"wp:attachment":[{"href":"https:\/\/www.cat37.com\/index.php\/wp-json\/wp\/v2\/media?parent=350"}],"curies":[{"name":"wp","href":"https:\/\/api.w.org\/{rel}","templated":true}]}}