{"id":143,"date":"2022-06-24T10:27:28","date_gmt":"2022-06-24T08:27:28","guid":{"rendered":"http:\/\/www.cat37.com\/?page_id=143"},"modified":"2025-10-02T11:17:08","modified_gmt":"2025-10-02T09:17:08","slug":"qpdd-ailes-et-brevets-reglements-competition","status":"publish","type":"page","link":"https:\/\/www.cat37.com\/index.php\/qpdd-ailes-et-brevets-reglements-competition\/","title":{"rendered":"QPDD, Ailes et brevets, R\u00e8glements comp\u00e9tition"},"content":{"rendered":"<h3>Consulter imp\u00e9rativement les documents \u00e0 jour sur le site FFAM :<\/h3>\n<h3><a href=\"https:\/\/www.ffam.asso.fr\/\" target=\"_blank\" rel=\"noreferrer noopener\">https:\/\/\u200bwww.\u200bffam.\u200basso.\u200bfr\/ (<\/a>Espace licenci\u00e9 &gt; Contenu informatif &gt; Pratiquer&#8230;)<\/h3>\n<h3>QPDD :<\/h3>\n<ul>\n<li><a href=\"http:\/\/www.cat37.com\/wp-content\/uploads\/2022\/06\/fiche-descriptive-qpdd-avion-1.pdf\" target=\"_blank\" rel=\"noopener\">fiche-descriptive-qpdd-avion<\/a> &#8211; <a href=\"http:\/\/www.cat37.com\/wp-content\/uploads\/2022\/06\/Fiche-evaluation-QPDD-avion-2017.pdf\" target=\"_blank\" rel=\"noopener\">Fiche evaluation QPDD avion 2017<\/a> &#8211; <a href=\"http:\/\/www.cat37.com\/wp-content\/uploads\/2022\/06\/Attestation-delivrance-QPDD-V01-01-2017.pdf\" target=\"_blank\" rel=\"noopener\">Attestation delivrance QPDD V01-01-2017<\/a><\/li>\n<li><a href=\"http:\/\/www.cat37.com\/wp-content\/uploads\/2022\/06\/Fiche-descriptive-QPDD-Planeur-2017.pdf\" target=\"_blank\" rel=\"noopener\">Fiche descriptive QPDD Planeur 2017<\/a> &#8211; <a href=\"http:\/\/www.cat37.com\/wp-content\/uploads\/2022\/06\/Fiche-evaluation-QPDD-planeur-motoplaneur-2017.pdf\" target=\"_blank\" rel=\"noopener\">Fiche evaluation QPDD planeur-motoplaneur 2017<\/a> &#8211; <a href=\"http:\/\/www.cat37.com\/wp-content\/uploads\/2022\/06\/Attestation-delivrance-QPDD-V01-01-2017.pdf\" target=\"_blank\" rel=\"noopener\">Attestation delivrance QPDD V01-01-2017<\/a><\/li>\n<\/ul>\n<h3><\/h3>\n<h3>Ailes et Brevets :<\/h3>\n<ul>\n<li><a href=\"http:\/\/www.cat37.com\/wp-content\/uploads\/2022\/06\/Fiche-descriptive-Aile-ou-Rotor-de-Bronze.pdf\" target=\"_blank\" rel=\"noopener\">Fiche descriptive Aile ou Rotor de Bronze<\/a><\/li>\n<li><a href=\"http:\/\/www.cat37.com\/wp-content\/uploads\/2022\/06\/Fiche-descriptive-Aile-Argent-Avion-v01-01-2017.pdf\" target=\"_blank\" rel=\"noopener\">Fiche descriptive Aile Argent Avion v01-01-2017<\/a><\/li>\n<li><a href=\"http:\/\/www.cat37.com\/wp-content\/uploads\/2022\/06\/Fiche-descriptive-Aile-Argent-Planeur-v01-01-2017.pdf\" target=\"_blank\" rel=\"noopener\">Fiche descriptive Aile Argent Planeur v01-01-2017<\/a><\/li>\n<li>Programme Ailes or avion<\/li>\n<li><a href=\"http:\/\/www.cat37.com\/wp-content\/uploads\/2022\/06\/Fiche-descriptive-Aile-Or-Planeur.pdf\" target=\"_blank\" rel=\"noopener\">Fiche descriptive Aile Or Planeur<\/a><\/li>\n<li><a href=\"http:\/\/www.cat37.com\/wp-content\/uploads\/2022\/06\/fiche-descriptive-brevet-a-avion-2.pdf\" target=\"_blank\" rel=\"noopener\">fiche-descriptive-brevet-a-avion-2<\/a> &#8211; <a href=\"http:\/\/www.cat37.com\/wp-content\/uploads\/2022\/06\/Compte-rendu-brevet-A-avion-RC.pdf\" target=\"_blank\" rel=\"noopener\">Compte rendu brevet A avion RC<\/a> &#8211; <a href=\"https:\/\/www.youtube.com\/watch?v=6ioB8c7B6p4\" target=\"_blank\" rel=\"noopener\">Tutoriel Brevet A avion<\/a><\/li>\n<li><a href=\"http:\/\/www.cat37.com\/wp-content\/uploads\/2022\/06\/brevet-A-planeur.pdf\" target=\"_blank\" rel=\"noopener\">brevet A planeur<\/a> &#8211; <a href=\"http:\/\/www.cat37.com\/wp-content\/uploads\/2022\/06\/Compte-rendu-brevet-A-planeur-RC.pdf\" target=\"_blank\" rel=\"noopener\">Compte rendu brevet A planeur RC<\/a> &#8211; Tutoriel brevet A planeur<\/li>\n<li><a href=\"http:\/\/www.cat37.com\/wp-content\/uploads\/2022\/06\/Brevet-B-Avion.pdf\" target=\"_blank\" rel=\"noopener\">Brevet B Avion<\/a> &#8211; <a href=\"http:\/\/www.cat37.com\/wp-content\/uploads\/2022\/06\/Compte-rendu-brevet-B-avion-RC.pdf\" target=\"_blank\" rel=\"noopener\">Compte rendu brevet B avion RC<\/a> &#8211; <a href=\"https:\/\/www.youtube.com\/watch?v=z8pC4NRfRWQ\" target=\"_blank\" rel=\"noopener\">Tutoriel brevet B avion<\/a><\/li>\n<li><a href=\"http:\/\/www.cat37.com\/wp-content\/uploads\/2022\/06\/Fiche-descriptive-Brevet-B-Planeur.pdf\" target=\"_blank\" rel=\"noopener\">Fiche descriptive Brevet B Planeur<\/a> &#8211; <a href=\"http:\/\/www.cat37.com\/wp-content\/uploads\/2022\/06\/Compte-rendu-brevet-B-planeur-RC.pdf\" target=\"_blank\" rel=\"noopener\">Compte rendu brevet B planeur RC<\/a> &#8211; Tutoriel brevet B planeur<\/li>\n<\/ul>\n<h3><\/h3>\n<h3>R\u00e8glements comp\u00e9tition :<\/h3>\n<ul>\n<li><a href=\"http:\/\/www.cat37.com\/wp-content\/uploads\/2022\/06\/Vol-Libre.pdf\" target=\"_blank\" rel=\"noopener\">Vol Libre<\/a><\/li>\n<li><a href=\"http:\/\/www.cat37.com\/wp-content\/uploads\/2022\/06\/sc4-_f5_electrique_17_fra.pdf\" target=\"_blank\" rel=\"noopener\">sc4-_f5_electrique_17_fra<\/a><a href=\"http:\/\/club.quomodo.com\/cat37\/uploads\/110\/reglement-350-motoplaneur-electrique-28janvier-201829-28129.pdf\" target=\"_blank\" rel=\"noreferrer noopener\">8)<\/a> &#8211; <a href=\"http:\/\/www.cat37.com\/wp-content\/uploads\/2022\/06\/ELECTRO7.pdf\">ELECTRO7<\/a><\/li>\n<li><a href=\"http:\/\/www.cat37.com\/wp-content\/uploads\/2022\/06\/reglement-350-motoplaneur-electrique-28janvier-201829-28129.pdf\" target=\"_blank\" rel=\"noopener\">reglement-350-motoplaneur-electrique-28janvier-201829-28129<\/a><a href=\"http:\/\/club.quomodo.com\/cat37\/uploads\/111\/reglement-325-ff2000-janv.-2013-2.pdf\" target=\"_blank\" rel=\"noreferrer noopener\">3)<\/a> &#8211; <a href=\"http:\/\/www.cat37.com\/wp-content\/uploads\/2022\/06\/FF2000.pdf\">FF2000<\/a><\/li>\n<li><a href=\"http:\/\/www.cat37.com\/wp-content\/uploads\/2022\/06\/sc4-_f5_electrique_17_fra.pdf\" target=\"_blank\" rel=\"noopener\">sc4-_f5_electrique_17_fra<\/a><a href=\"http:\/\/club.quomodo.com\/cat37\/uploads\/112\/sc4-_f5_electrique_17_fra.pdf\" target=\"_blank\" rel=\"noreferrer noopener\">7)<\/a><\/li>\n<\/ul>\n","protected":false},"excerpt":{"rendered":"<p>Consulter imp\u00e9rativement les documents \u00e0 jour sur le site FFAM : https:\/\/\u200bwww.\u200bffam.\u200basso.\u200bfr\/ (Espace licenci\u00e9 &gt; Contenu informatif &gt; Pratiquer&#8230;) QPDD : fiche-descriptive-qpdd-avion &#8211; Fiche evaluation QPDD avion 2017 &#8211; Attestation delivrance QPDD V01-01-2017 Fiche descriptive QPDD Planeur 2017 &#8211; Fiche evaluation QPDD planeur-motoplaneur 2017 &#8211; Attestation delivrance QPDD V01-01-2017 Ailes et Brevets : Fiche descriptive &hellip;<\/p>\n<p class=\"read-more\"> <a class=\"\" href=\"https:\/\/www.cat37.com\/index.php\/qpdd-ailes-et-brevets-reglements-competition\/\"> <span class=\"screen-reader-text\">QPDD, Ailes et brevets, R\u00e8glements comp\u00e9tition<\/span> Lire la suite\u00a0\u00bb<\/a><\/p>\n","protected":false},"author":1,"featured_media":0,"parent":0,"menu_order":0,"comment_status":"closed","ping_status":"closed","template":"","meta":{"site-sidebar-layout":"default","site-content-layout":"default","ast-global-header-display":"","ast-main-header-display":"","ast-hfb-above-header-display":"","ast-hfb-below-header-display":"","ast-hfb-mobile-header-display":"","site-post-title":"","ast-breadcrumbs-content":"","ast-featured-img":"","footer-sml-layout":"","theme-transparent-header-meta":"","adv-header-id-meta":"","stick-header-meta":"","header-above-stick-meta":"","header-main-stick-meta":"","header-below-stick-meta":"","footnotes":""},"class_list":["post-143","page","type-page","status-publish","hentry"],"_links":{"self":[{"href":"https:\/\/www.cat37.com\/index.php\/wp-json\/wp\/v2\/pages\/143","targetHints":{"allow":["GET"]}}],"collection":[{"href":"https:\/\/www.cat37.com\/index.php\/wp-json\/wp\/v2\/pages"}],"about":[{"href":"https:\/\/www.cat37.com\/index.php\/wp-json\/wp\/v2\/types\/page"}],"author":[{"embeddable":true,"href":"https:\/\/www.cat37.com\/index.php\/wp-json\/wp\/v2\/users\/1"}],"replies":[{"embeddable":true,"href":"https:\/\/www.cat37.com\/index.php\/wp-json\/wp\/v2\/comments?post=143"}],"version-history":[{"count":31,"href":"https:\/\/www.cat37.com\/index.php\/wp-json\/wp\/v2\/pages\/143\/revisions"}],"predecessor-version":[{"id":1940,"href":"https:\/\/www.cat37.com\/index.php\/wp-json\/wp\/v2\/pages\/143\/revisions\/1940"}],"wp:attachment":[{"href":"https:\/\/www.cat37.com\/index.php\/wp-json\/wp\/v2\/media?parent=143"}],"curies":[{"name":"wp","href":"https:\/\/api.w.org\/{rel}","templated":true}]}}