{"id":136,"date":"2022-06-24T10:08:00","date_gmt":"2022-06-24T08:08:00","guid":{"rendered":"http:\/\/www.cat37.com\/?page_id=136"},"modified":"2022-06-24T10:20:25","modified_gmt":"2022-06-24T08:20:25","slug":"informations-ffam-et-dgac-alpha-tango","status":"publish","type":"page","link":"https:\/\/www.cat37.com\/index.php\/informations-ffam-et-dgac-alpha-tango\/","title":{"rendered":"Informations FFAM et DGAC (Alpha Tango)"},"content":{"rendered":"\n<p class=\"has-medium-font-size\"><strong>FFAM (F\u00e9d\u00e9ration Fran\u00e7aise d&rsquo;A\u00e9roMod\u00e9lisme)<\/strong><br>Un site incontournable pour se renseigner sur :<\/p>\n\n\n\n<ul class=\"wp-block-list\"><li>la r\u00e9glementation<\/li><li>les diverses disciplines<\/li><li>les clubs<\/li><li>les actualit\u00e9s<\/li><\/ul>\n\n\n\n<p>Le lien :&nbsp;<a rel=\"noreferrer noopener\" href=\"https:\/\/www.ffam.asso.fr\/\" target=\"_blank\">https:\/\/\u200bwww.\u200bffam.\u200basso.\u200bfr\/<\/a><br>Espace licenci\u00e9s :&nbsp;<a rel=\"noreferrer noopener\" href=\"https:\/\/licencies.ffam.asso.fr\/\" target=\"_blank\">https:\/\/\u200blicencies.\u200bffam.\u200basso.\u200bfr\/<\/a><\/p>\n\n\n\n<p class=\"has-medium-font-size\"><strong>Espace DGAC Fox Alphatango :<\/strong><\/p>\n\n\n\n<ul class=\"wp-block-list\"><li>Formation pour piloter un a\u00e9ronef en toute s\u00e9curit\u00e9<\/li><li>D\u00e9livrance de l&rsquo;attestation de formation<\/li><li>D\u00e9claration des mod\u00e8les de plus de 800g (obligatoire \u00e0 partir du 26\/12\/2018)<\/li><\/ul>\n\n\n\n<p>Le lien:&nbsp;<a rel=\"noreferrer noopener\" href=\"https:\/\/fox-alphatango.aviation-civile.gouv.fr\/\" target=\"_blank\">https:\/\/\u200bfox-\u200balphatango.\u200baviation-\u200bcivile.\u200bgouv.\u200bfr\/<\/a><\/p>\n","protected":false},"excerpt":{"rendered":"<p>FFAM (F\u00e9d\u00e9ration Fran\u00e7aise d&rsquo;A\u00e9roMod\u00e9lisme)Un site incontournable pour se renseigner sur : la r\u00e9glementation les diverses disciplines les clubs les actualit\u00e9s Le lien :&nbsp;https:\/\/\u200bwww.\u200bffam.\u200basso.\u200bfr\/Espace licenci\u00e9s :&nbsp;https:\/\/\u200blicencies.\u200bffam.\u200basso.\u200bfr\/ Espace DGAC Fox Alphatango : Formation pour piloter un a\u00e9ronef en toute s\u00e9curit\u00e9 D\u00e9livrance de l&rsquo;attestation de formation D\u00e9claration des mod\u00e8les de plus de 800g (obligatoire \u00e0 partir du 26\/12\/2018) &hellip;<\/p>\n<p class=\"read-more\"> <a class=\"\" href=\"https:\/\/www.cat37.com\/index.php\/informations-ffam-et-dgac-alpha-tango\/\"> <span class=\"screen-reader-text\">Informations FFAM et DGAC (Alpha Tango)<\/span> Lire la suite\u00a0\u00bb<\/a><\/p>\n","protected":false},"author":1,"featured_media":0,"parent":0,"menu_order":0,"comment_status":"closed","ping_status":"closed","template":"","meta":{"site-sidebar-layout":"default","site-content-layout":"default","ast-global-header-display":"","ast-main-header-display":"","ast-hfb-above-header-display":"","ast-hfb-below-header-display":"","ast-hfb-mobile-header-display":"","site-post-title":"","ast-breadcrumbs-content":"","ast-featured-img":"","footer-sml-layout":"","theme-transparent-header-meta":"","adv-header-id-meta":"","stick-header-meta":"","header-above-stick-meta":"","header-main-stick-meta":"","header-below-stick-meta":"","footnotes":""},"class_list":["post-136","page","type-page","status-publish","hentry"],"_links":{"self":[{"href":"https:\/\/www.cat37.com\/index.php\/wp-json\/wp\/v2\/pages\/136","targetHints":{"allow":["GET"]}}],"collection":[{"href":"https:\/\/www.cat37.com\/index.php\/wp-json\/wp\/v2\/pages"}],"about":[{"href":"https:\/\/www.cat37.com\/index.php\/wp-json\/wp\/v2\/types\/page"}],"author":[{"embeddable":true,"href":"https:\/\/www.cat37.com\/index.php\/wp-json\/wp\/v2\/users\/1"}],"replies":[{"embeddable":true,"href":"https:\/\/www.cat37.com\/index.php\/wp-json\/wp\/v2\/comments?post=136"}],"version-history":[{"count":3,"href":"https:\/\/www.cat37.com\/index.php\/wp-json\/wp\/v2\/pages\/136\/revisions"}],"predecessor-version":[{"id":141,"href":"https:\/\/www.cat37.com\/index.php\/wp-json\/wp\/v2\/pages\/136\/revisions\/141"}],"wp:attachment":[{"href":"https:\/\/www.cat37.com\/index.php\/wp-json\/wp\/v2\/media?parent=136"}],"curies":[{"name":"wp","href":"https:\/\/api.w.org\/{rel}","templated":true}]}}